{"id":23,"date":"2016-03-06T16:33:07","date_gmt":"2016-03-06T16:33:07","guid":{"rendered":"http:\/\/www.cbap.com.br\/?page_id=23"},"modified":"2016-05-03T01:58:33","modified_gmt":"2016-05-03T01:58:33","slug":"novo-aquapaisagista-brasileiro","status":"publish","type":"page","link":"http:\/\/www.cbap.com.br\/en\/novo-aquapaisagista-brasileiro\/","title":{"rendered":"Brazilian Aquascaper Sign Up"},"content":{"rendered":"<div class=\"wpb-content-wrapper\"><p>[vc_row][vc_column][vc_column_text]<form  id=\"cred_form_22_1\" class=\"cred-user-form cred-keep-original formBrasil\" action=\"\/en\/wp-json\/wp\/v2\/pages\/23?_tt=1776962777\" method=\"post\">\r\n\r\n\t\r\n\r\n\t<div class=\"cred-field cred-field-user_email\">\r\n\t\t<label class=\"cred-label\">\r\nE-mail * (usado para login)\r\n<\/label>\r\n\t\t<div class=\"js-wpt-field-items form-group js-wpt-repetitive wpt-repetitive\" data-initial-conditional=\"\" data-item_name=\"email-user_email\">\r\n<input type=\"text\" id=\"cred_form_22_1-textfield-1-1776962777\" name=\"user_email\" value=\"\" data-wpt-validate=\"{&quot;email&quot;:{&quot;args&quot;:{&quot;1&quot;:true},&quot;message&quot;:&quot;Please enter a valid email address&quot;},&quot;required&quot;:{&quot;args&quot;:{&quot;1&quot;:true},&quot;message&quot;:&quot;Este campo \u00e9 obrigat\u00f3rio&quot;}}\" data-wpt-field-title=\"Email\" class=\"wpt-form-textfield form-textfield form-control\" data-wpt-type=\"textfield\" data-wpt-id=\"cred_form_22_1_cred_form_22_1-textfield-1-1776962777\" data-wpt-name=\"user_email\" \/>\r\n<\/div>\r\n\t<\/div>\r\n\r\n<div class=\"row\">\r\n  <div class=\"col-md-6\">\r\n\r\n\t<div class=\"cred-field cred-field-user_pass\">\r\n\t\t<label class=\"cred-label\">\r\nSenha *\r\n<\/label>\r\n\t\t<div class=\"js-wpt-field-items form-group js-wpt-repetitive wpt-repetitive\" data-initial-conditional=\"\" data-item_name=\"password-user_pass\">\r\n<input type=\"password\" id=\"cred_form_22_1-password-1-1776962777\" name=\"user_pass\" value=\"\" data-wpt-validate=\"{&quot;required&quot;:{&quot;args&quot;:{&quot;1&quot;:true},&quot;message&quot;:&quot;Este campo \u00e9 obrigat\u00f3rio&quot;}}\" data-wpt-field-title=\"Password\" class=\"wpt-form-password form-password form-control\" data-wpt-type=\"password\" data-wpt-id=\"cred_form_22_1_cred_form_22_1-password-1-1776962777\" data-wpt-name=\"user_pass\" \/>\r\n<\/div>\r\n\t<\/div>\r\n<\/div>\r\n  <div class=\"col-md-6\">\r\n\r\n\t<div class=\"cred-field cred-field-user_pass2\">\r\n\t\t<label class=\"cred-label\">\r\nRepetir Senha *\r\n<\/label>\r\n\t\t<div class=\"js-wpt-field-items form-group js-wpt-repetitive wpt-repetitive\" data-initial-conditional=\"\" data-item_name=\"password-user_pass2\">\r\n<input type=\"password\" id=\"cred_form_22_1-password-2-1776962777\" name=\"user_pass2\" value=\"\" data-wpt-validate=\"{&quot;required&quot;:{&quot;args&quot;:{&quot;1&quot;:true},&quot;message&quot;:&quot;Este campo \u00e9 obrigat\u00f3rio&quot;}}\" data-wpt-field-title=\"Repeat Password\" class=\"wpt-form-password form-password form-control\" data-wpt-type=\"password\" data-wpt-id=\"cred_form_22_1_cred_form_22_1-password-2-1776962777\" data-wpt-name=\"user_pass2\" \/>\r\n<\/div>\r\n\t<\/div>\r\n<\/div>\r\n<\/div>\r\n\r\n<div class=\"row\">\r\n  <div class=\"col-md-6\">\r\n\t<div class=\"cred-field cred-field-first_name\">\r\n\t\t<label class=\"cred-label\">\r\nPrimeiro Nome *\r\n<\/label>\r\n\t\t<div class=\"js-wpt-field-items form-group js-wpt-repetitive wpt-repetitive\" data-initial-conditional=\"\" data-item_name=\"textfield-first_name\">\r\n<input type=\"text\" id=\"cred_form_22_1-textfield-2-1776962777\" name=\"first_name\" value=\"\" class=\"wpt-form-textfield form-textfield form-control\" data-wpt-type=\"textfield\" data-wpt-id=\"cred_form_22_1_cred_form_22_1-textfield-2-1776962777\" data-wpt-name=\"first_name\" \/>\r\n<\/div>\r\n\t<\/div>\r\n  <\/div>\r\n    <div class=\"col-md-6\">\r\n\t<div class=\"cred-field cred-field-last_name\">\r\n\t\t<label class=\"cred-label\">\r\n\u00daltimo Nome *\r\n<\/label>\r\n\t\t<div class=\"js-wpt-field-items form-group js-wpt-repetitive wpt-repetitive\" data-initial-conditional=\"\" data-item_name=\"textfield-last_name\">\r\n<input type=\"text\" id=\"cred_form_22_1-textfield-3-1776962777\" name=\"last_name\" value=\"\" class=\"wpt-form-textfield form-textfield form-control\" data-wpt-type=\"textfield\" data-wpt-id=\"cred_form_22_1_cred_form_22_1-textfield-3-1776962777\" data-wpt-name=\"last_name\" \/>\r\n<\/div>\r\n\t<\/div>\r\n  <\/div>\r\n<\/div>\r\n\r\n\t<div class=\"cred-field cred-field-data-de-nascimento\">\r\n\t\t<label class=\"cred-label\">\r\nData de Nascimento * (Clique no \u00edcone do calend\u00e1rio)\r\n<\/label>\r\n\t\t<div class=\"js-wpt-field-items form-group js-wpt-repetitive wpt-repetitive\" data-initial-conditional=\"\" data-item_name=\"date-wpcf-data-de-nascimento\">\r\n<input type=\"text\" id=\"cred_form_22_1-textfield-4-1776962777\" name=\"wpcf-data-de-nascimento[display-only]\" value=\"\" class=\"js-wpt-date wpt-form-textfield form-textfield form-control\" style=\"display:inline;width:150px;position:relative;\" readonly=\"readonly\" title=\"Select Date\" data-wpt-type=\"textfield\" data-wpt-id=\"cred_form_22_1_cred_form_22_1-textfield-4-1776962777\" data-wpt-name=\"wpcf-data-de-nascimento[display-only]\" \/>\r\n<input type=\"hidden\" id=\"cred_form_22_1-hidden-1-1776962777\" name=\"wpcf-data-de-nascimento[datepicker]\" value=\"\" class=\"js-wpt-date-auxiliar wpt-form-hidden form-hidden\" data-ts=\"\" data-wpt-type=\"date\" data-wpt-validate=\"{&quot;required&quot;:{&quot;args&quot;:{&quot;1&quot;:true},&quot;message&quot;:&quot;Este campo \u00e9 obrigat\u00f3rio&quot;},&quot;dateADODB_STAMP&quot;:{&quot;args&quot;:{&quot;1&quot;:true},&quot;message&quot;:&quot;Favor inserior uma data v\u00e1lida.&quot;}}\" data-wpt-field-title=\"Data de Nascimento&#042;\" data-wpt-id=\"cred_form_22_1_cred_form_22_1-hidden-1-1776962777\" data-wpt-name=\"wpcf-data-de-nascimento[datepicker]\" \/><input type=\"button\" class=\"button button-secondary js-wpt-date-clear wpt-date-clear\" value=\"Clear Date\" style=\"display:none\" \/><\/div>\r\n\t<\/div>\r\n\r\n<div class=\"cred-field cred-field-cpf\">\r\n\t\t<label class=\"cred-label\">\r\nCPF *\r\n<\/label>\r\n\t\t<div class=\"js-wpt-field-items form-group js-wpt-repetitive wpt-repetitive\" data-initial-conditional=\"\" data-item_name=\"textfield-wpcf-cpf\">\r\n<input type=\"text\" id=\"cred_form_22_1-textfield-5-1776962777\" name=\"wpcf-cpf\" value=\"\" class=\"validacpf wpt-form-textfield form-textfield form-control\" data-wpt-validate=\"{&quot;required&quot;:{&quot;args&quot;:{&quot;1&quot;:true},&quot;message&quot;:&quot;Este campo \u00e9 obrigat\u00f3rio&quot;}}\" data-wpt-field-title=\"CPF\" data-wpt-type=\"textfield\" data-wpt-id=\"cred_form_22_1_cred_form_22_1-textfield-5-1776962777\" data-wpt-name=\"wpcf-cpf\" \/>\r\n<\/div>\r\n\t<\/div>\r\n\r\n<div class=\"row\">\r\n  <div class=\"col-md-6\">\r\n\r\n\t<div class=\"cred-field cred-field-estado\">\r\n\t\t<label class=\"cred-label\">\r\nEstado *\r\n<\/label>\r\n\t\t<div class=\"js-wpt-field-items form-group js-wpt-repetitive wpt-repetitive\" data-initial-conditional=\"\" data-item_name=\"select-wpcf-estado\">\r\n<select id=\"cred_form_22_1-select-1-1776962777\"  data-wpt-validate=\"{&quot;required&quot;:{&quot;args&quot;:{&quot;1&quot;:true},&quot;message&quot;:&quot;Este campo \u00e9 obrigat\u00f3rio&quot;}}\" data-wpt-field-title=\"Estado\" class=\"wpt-form-select form-select form-control\" data-wpt-type=\"select\" name=\"wpcf-estado\">\r\n<option value=\"\" class=\"wpt-form-option form-option\" data-wpt-type=\"option\" data-wpt-id=\"cred_form_22_1_cred_form_22_1-select-1-1776962777\" data-wpt-name=\"wpcf-estado\" selected=\"selected\"><\/option>\r\n<option value=\"AC\" class=\"wpt-form-option form-option\" data-wpt-type=\"option\" data-wpt-id=\"cred_form_22_1_cred_form_22_1-select-1-1776962777\" data-wpt-name=\"wpcf-estado\">Acre<\/option>\r\n<option value=\"AL\" class=\"wpt-form-option form-option\" data-wpt-type=\"option\" data-wpt-id=\"cred_form_22_1_cred_form_22_1-select-1-1776962777\" data-wpt-name=\"wpcf-estado\">Alagoas<\/option>\r\n<option value=\"AP\" class=\"wpt-form-option form-option\" data-wpt-type=\"option\" data-wpt-id=\"cred_form_22_1_cred_form_22_1-select-1-1776962777\" data-wpt-name=\"wpcf-estado\">Amap\u00e1<\/option>\r\n<option value=\"AM\" class=\"wpt-form-option form-option\" data-wpt-type=\"option\" data-wpt-id=\"cred_form_22_1_cred_form_22_1-select-1-1776962777\" data-wpt-name=\"wpcf-estado\">Amazonas<\/option>\r\n<option value=\"BA\" class=\"wpt-form-option form-option\" data-wpt-type=\"option\" data-wpt-id=\"cred_form_22_1_cred_form_22_1-select-1-1776962777\" data-wpt-name=\"wpcf-estado\">Bahia<\/option>\r\n<option value=\"CE\" class=\"wpt-form-option form-option\" data-wpt-type=\"option\" data-wpt-id=\"cred_form_22_1_cred_form_22_1-select-1-1776962777\" data-wpt-name=\"wpcf-estado\">Cear\u00e1<\/option>\r\n<option value=\"DF\" class=\"wpt-form-option form-option\" data-wpt-type=\"option\" data-wpt-id=\"cred_form_22_1_cred_form_22_1-select-1-1776962777\" data-wpt-name=\"wpcf-estado\">Distrito Federal<\/option>\r\n<option value=\"ES\" class=\"wpt-form-option form-option\" data-wpt-type=\"option\" data-wpt-id=\"cred_form_22_1_cred_form_22_1-select-1-1776962777\" data-wpt-name=\"wpcf-estado\">Esp\u00edrito Santo<\/option>\r\n<option value=\"GO\" class=\"wpt-form-option form-option\" data-wpt-type=\"option\" data-wpt-id=\"cred_form_22_1_cred_form_22_1-select-1-1776962777\" data-wpt-name=\"wpcf-estado\">Goi\u00e1s<\/option>\r\n<option value=\"MA\" class=\"wpt-form-option form-option\" data-wpt-type=\"option\" data-wpt-id=\"cred_form_22_1_cred_form_22_1-select-1-1776962777\" data-wpt-name=\"wpcf-estado\">Maranh\u00e3o<\/option>\r\n<option value=\"MT\" class=\"wpt-form-option form-option\" data-wpt-type=\"option\" data-wpt-id=\"cred_form_22_1_cred_form_22_1-select-1-1776962777\" data-wpt-name=\"wpcf-estado\">Mato Grosso<\/option>\r\n<option value=\"MS\" class=\"wpt-form-option form-option\" data-wpt-type=\"option\" data-wpt-id=\"cred_form_22_1_cred_form_22_1-select-1-1776962777\" data-wpt-name=\"wpcf-estado\">Mato Grosso do Sul<\/option>\r\n<option value=\"MG\" class=\"wpt-form-option form-option\" data-wpt-type=\"option\" data-wpt-id=\"cred_form_22_1_cred_form_22_1-select-1-1776962777\" data-wpt-name=\"wpcf-estado\">Minas Gerais<\/option>\r\n<option value=\"PA\" class=\"wpt-form-option form-option\" data-wpt-type=\"option\" data-wpt-id=\"cred_form_22_1_cred_form_22_1-select-1-1776962777\" data-wpt-name=\"wpcf-estado\">Par\u00e1<\/option>\r\n<option value=\"PB\" class=\"wpt-form-option form-option\" data-wpt-type=\"option\" data-wpt-id=\"cred_form_22_1_cred_form_22_1-select-1-1776962777\" data-wpt-name=\"wpcf-estado\">Para\u00edba<\/option>\r\n<option value=\"PR\" class=\"wpt-form-option form-option\" data-wpt-type=\"option\" data-wpt-id=\"cred_form_22_1_cred_form_22_1-select-1-1776962777\" data-wpt-name=\"wpcf-estado\">Paran\u00e1<\/option>\r\n<option value=\"PE\" class=\"wpt-form-option form-option\" data-wpt-type=\"option\" data-wpt-id=\"cred_form_22_1_cred_form_22_1-select-1-1776962777\" data-wpt-name=\"wpcf-estado\">Pernambuco<\/option>\r\n<option value=\"PI\" class=\"wpt-form-option form-option\" data-wpt-type=\"option\" data-wpt-id=\"cred_form_22_1_cred_form_22_1-select-1-1776962777\" data-wpt-name=\"wpcf-estado\">Piau\u00ed<\/option>\r\n<option value=\"RJ\" class=\"wpt-form-option form-option\" data-wpt-type=\"option\" data-wpt-id=\"cred_form_22_1_cred_form_22_1-select-1-1776962777\" data-wpt-name=\"wpcf-estado\">Rio de Janeiro<\/option>\r\n<option value=\"RN\" class=\"wpt-form-option form-option\" data-wpt-type=\"option\" data-wpt-id=\"cred_form_22_1_cred_form_22_1-select-1-1776962777\" data-wpt-name=\"wpcf-estado\">Rio Grande do Norte<\/option>\r\n<option value=\"RS\" class=\"wpt-form-option form-option\" data-wpt-type=\"option\" data-wpt-id=\"cred_form_22_1_cred_form_22_1-select-1-1776962777\" data-wpt-name=\"wpcf-estado\">Rio Grande do Sul<\/option>\r\n<option value=\"RO\" class=\"wpt-form-option form-option\" data-wpt-type=\"option\" data-wpt-id=\"cred_form_22_1_cred_form_22_1-select-1-1776962777\" data-wpt-name=\"wpcf-estado\">Rond\u00f4nia<\/option>\r\n<option value=\"RR\" class=\"wpt-form-option form-option\" data-wpt-type=\"option\" data-wpt-id=\"cred_form_22_1_cred_form_22_1-select-1-1776962777\" data-wpt-name=\"wpcf-estado\">Roraima<\/option>\r\n<option value=\"SC\" class=\"wpt-form-option form-option\" data-wpt-type=\"option\" data-wpt-id=\"cred_form_22_1_cred_form_22_1-select-1-1776962777\" data-wpt-name=\"wpcf-estado\">Santa Catarina<\/option>\r\n<option value=\"SP\" class=\"wpt-form-option form-option\" data-wpt-type=\"option\" data-wpt-id=\"cred_form_22_1_cred_form_22_1-select-1-1776962777\" data-wpt-name=\"wpcf-estado\">S\u00e3o Paulo<\/option>\r\n<option value=\"SE\" class=\"wpt-form-option form-option\" data-wpt-type=\"option\" data-wpt-id=\"cred_form_22_1_cred_form_22_1-select-1-1776962777\" data-wpt-name=\"wpcf-estado\">Sergipe<\/option>\r\n<option value=\"TO\" class=\"wpt-form-option form-option\" data-wpt-type=\"option\" data-wpt-id=\"cred_form_22_1_cred_form_22_1-select-1-1776962777\" data-wpt-name=\"wpcf-estado\">Tocantins<\/option>\r\n<\/select>\n<\/div>\r\n\t<\/div>\r\n<\/div>\r\n  <div class=\"col-md-6\">\r\n\r\n\t<div class=\"cred-field cred-field-cidade\">\r\n\t\t<label class=\"cred-label\">\r\nCidade *\r\n<\/label>\r\n\t\t<div class=\"js-wpt-field-items form-group js-wpt-repetitive wpt-repetitive\" data-initial-conditional=\"\" data-item_name=\"textfield-wpcf-cidade\">\r\n<input type=\"text\" id=\"cred_form_22_1-textfield-6-1776962777\" name=\"wpcf-cidade\" value=\"\" data-wpt-validate=\"{&quot;required&quot;:{&quot;args&quot;:{&quot;1&quot;:true},&quot;message&quot;:&quot;Este campo \u00e9 obrigat\u00f3rio&quot;}}\" data-wpt-field-title=\"Cidade\" class=\"wpt-form-textfield form-textfield form-control\" data-wpt-type=\"textfield\" data-wpt-id=\"cred_form_22_1_cred_form_22_1-textfield-6-1776962777\" data-wpt-name=\"wpcf-cidade\" \/>\r\n<\/div>\r\n\t<\/div>\r\n<\/div>\r\n<\/div>\r\n\r\n<div class=\"row\">\r\n  <div class=\"col-md-6\">\r\n\r\n\t<div class=\"cred-field cred-field-endereco\">\r\n\t\t<label class=\"cred-label\">\r\nEndere\u00e7o *\r\n<\/label>\r\n\t\t<div class=\"js-wpt-field-items form-group js-wpt-repetitive wpt-repetitive\" data-initial-conditional=\"\" data-item_name=\"textfield-wpcf-endereco\">\r\n<input type=\"text\" id=\"cred_form_22_1-textfield-7-1776962777\" name=\"wpcf-endereco\" value=\"\" data-wpt-validate=\"{&quot;required&quot;:{&quot;args&quot;:{&quot;1&quot;:true},&quot;message&quot;:&quot;Este campo \u00e9 obrigat\u00f3rio&quot;}}\" data-wpt-field-title=\"Endere\u00e7o\" class=\"wpt-form-textfield form-textfield form-control\" data-wpt-type=\"textfield\" data-wpt-id=\"cred_form_22_1_cred_form_22_1-textfield-7-1776962777\" data-wpt-name=\"wpcf-endereco\" \/>\r\n<\/div>\r\n\t<\/div>\r\n<\/div>\r\n  <div class=\"col-md-6\">\r\n\r\n\t<div class=\"cred-field cred-field-complemento\">\r\n\t\t<label class=\"cred-label\">\r\nComplemento\r\n<\/label>\r\n\t\t<div class=\"js-wpt-field-items form-group js-wpt-repetitive wpt-repetitive\" data-initial-conditional=\"\" data-item_name=\"textfield-wpcf-complemento\">\r\n<input type=\"text\" id=\"cred_form_22_1-textfield-8-1776962777\" name=\"wpcf-complemento\" value=\"\" class=\"wpt-form-textfield form-textfield form-control\" data-wpt-type=\"textfield\" data-wpt-id=\"cred_form_22_1_cred_form_22_1-textfield-8-1776962777\" data-wpt-name=\"wpcf-complemento\" \/>\r\n<\/div>\r\n\t<\/div>\r\n<\/div>\r\n<\/div>\r\n\r\n<div class=\"row\">\r\n  <div class=\"col-md-6\">\r\n\r\n\t<div class=\"cred-field cred-field-cep\">\r\n\t\t<label class=\"cred-label\">\r\nCEP *\r\n<\/label>\r\n\t\t<div class=\"js-wpt-field-items form-group js-wpt-repetitive wpt-repetitive\" data-initial-conditional=\"\" data-item_name=\"textfield-wpcf-cep\">\r\n<input type=\"text\" id=\"cred_form_22_1-textfield-9-1776962777\" name=\"wpcf-cep\" value=\"\" class=\"validacep wpt-form-textfield form-textfield form-control\" data-wpt-validate=\"{&quot;required&quot;:{&quot;args&quot;:{&quot;1&quot;:true},&quot;message&quot;:&quot;Este campo \u00e9 obrigat\u00f3rio&quot;}}\" data-wpt-field-title=\"CEP\" data-wpt-type=\"textfield\" data-wpt-id=\"cred_form_22_1_cred_form_22_1-textfield-9-1776962777\" data-wpt-name=\"wpcf-cep\" \/>\r\n<\/div>\r\n\t<\/div>\r\n<\/div>\r\n  <div class=\"col-md-6\">\r\n\r\n\t<div class=\"cred-field cred-field-site\">\r\n\t\t<label class=\"cred-label\">\r\n          Site (preencher com <b>http:\/\/<\/b>)\r\n<\/label>\r\n\t\t<div class=\"js-wpt-field-items form-group js-wpt-repetitive wpt-repetitive\" data-initial-conditional=\"\" data-item_name=\"url-wpcf-site\">\r\n<input type=\"text\" id=\"cred_form_22_1-textfield-10-1776962777\" name=\"wpcf-site\" value=\"\" data-wpt-validate=\"{&quot;url&quot;:{&quot;args&quot;:{&quot;1&quot;:true},&quot;message&quot;:&quot;Por favor, informe uma url v\u00e1lida (n\u00e3o se esque\u00e7a de incluir o http:\\\/\\\/)&quot;}}\" data-wpt-field-title=\"Site\" class=\"wpt-form-textfield form-textfield form-control\" data-wpt-type=\"textfield\" data-wpt-id=\"cred_form_22_1_cred_form_22_1-textfield-10-1776962777\" data-wpt-name=\"wpcf-site\" \/>\r\n<\/div>\r\n\t<\/div>\r\n<\/div>\r\n<\/div>\r\n\r\n\t<div class=\"cred-field cred-field-equipe\">\r\n\t\t<label class=\"cred-label\">\r\nEquipe\r\n<\/label>\r\n\t\t<div class=\"js-wpt-field-items form-group js-wpt-repetitive wpt-repetitive\" data-initial-conditional=\"\" data-item_name=\"select-wpcf-equipe\">\r\n<select id=\"cred_form_22_1-select-2-1776962777\"  class=\"wpt-form-select form-select form-control\" data-wpt-type=\"select\" name=\"wpcf-equipe\">\r\n<option value=\"Sem Equipe\" class=\"wpt-form-option form-option\" data-wpt-type=\"option\" data-wpt-id=\"cred_form_22_1_cred_form_22_1-select-2-1776962777\" data-wpt-name=\"wpcf-equipe\" selected=\"selected\">N\u00e3o perten\u00e7o a nenhuma Equipe<\/option>\r\n<option value=\"ALT - Aquabase Layout Team\" class=\"wpt-form-option form-option\" data-wpt-type=\"option\" data-wpt-id=\"cred_form_22_1_cred_form_22_1-select-2-1776962777\" data-wpt-name=\"wpcf-equipe\">ALT - Aquabase Layout Team<\/option>\r\n<option value=\"Aquapaisagismo Capixaba\" class=\"wpt-form-option form-option\" data-wpt-type=\"option\" data-wpt-id=\"cred_form_22_1_cred_form_22_1-select-2-1776962777\" data-wpt-name=\"wpcf-equipe\">Aquapaisagismo Capixaba<\/option>\r\n<option value=\"ASSP - Aquascapers SP\" class=\"wpt-form-option form-option\" data-wpt-type=\"option\" data-wpt-id=\"cred_form_22_1_cred_form_22_1-select-2-1776962777\" data-wpt-name=\"wpcf-equipe\">ASSP - Aquascapers SP<\/option>\r\n<option value=\"Brascapers - Brazilian Art Scapers\" class=\"wpt-form-option form-option\" data-wpt-type=\"option\" data-wpt-id=\"cred_form_22_1_cred_form_22_1-select-2-1776962777\" data-wpt-name=\"wpcf-equipe\">Brascapers - Brazilian Art Scapers<\/option>\r\n<option value=\"GAP - Grupo de Aquarismo Plantado - Ponta Grossa\" class=\"wpt-form-option form-option\" data-wpt-type=\"option\" data-wpt-id=\"cred_form_22_1_cred_form_22_1-select-2-1776962777\" data-wpt-name=\"wpcf-equipe\">GAP - Grupo de Aquarismo Plantado - Ponta Grossa<\/option>\r\n<option value=\"GCAqua - Grupo Carioca de Aquapaisagismo\" class=\"wpt-form-option form-option\" data-wpt-type=\"option\" data-wpt-id=\"cred_form_22_1_cred_form_22_1-select-2-1776962777\" data-wpt-name=\"wpcf-equipe\">GCAqua - Grupo Carioca de Aquapaisagismo<\/option>\r\n<option value=\"Natural Art\" class=\"wpt-form-option form-option\" data-wpt-type=\"option\" data-wpt-id=\"cred_form_22_1_cred_form_22_1-select-2-1776962777\" data-wpt-name=\"wpcf-equipe\">Natural Art<\/option>\r\n<option value=\"BAU - Brazilian Aquascaping Union\" class=\"wpt-form-option form-option\" data-wpt-type=\"option\" data-wpt-id=\"cred_form_22_1_cred_form_22_1-select-2-1776962777\" data-wpt-name=\"wpcf-equipe\">Brazilian Aquascaping Union<\/option>\r\n<option value=\"TNT - \" class=\"wpt-form-option form-option\" data-wpt-type=\"option\" data-wpt-id=\"cred_form_22_1_cred_form_22_1-select-2-1776962777\" data-wpt-name=\"wpcf-equipe\">Tropical Nature Team<\/option>\r\n<\/select>\n<\/div>\r\n\t<\/div>\r\n\r\n\t<div class=\"cred-field cred-field-telefone-com-ddd\">\r\n\t\t<label class=\"cred-label\">\r\nTelefone (Com DDD) *\r\n<\/label>\r\n\t\t<div class=\"js-wpt-field-items form-group js-wpt-repetitive wpt-repetitive\" data-initial-conditional=\"\" data-item_name=\"textfield-wpcf-telefone-com-ddd\">\r\n<input type=\"text\" id=\"cred_form_22_1-textfield-11-1776962777\" name=\"wpcf-telefone-com-ddd\" value=\"\" class=\"validafone wpt-form-textfield form-textfield form-control\" data-wpt-validate=\"{&quot;required&quot;:{&quot;args&quot;:{&quot;1&quot;:true},&quot;message&quot;:&quot;Este campo \u00e9 obrigat\u00f3rio&quot;}}\" data-wpt-field-title=\"Telefone (Com DDD)\" data-wpt-type=\"textfield\" data-wpt-id=\"cred_form_22_1_cred_form_22_1-textfield-11-1776962777\" data-wpt-name=\"wpcf-telefone-com-ddd\" \/>\r\n<\/div>\r\n\t<\/div>\r\n\r\n\t<div class=\"js-wpt-field-items form-group js-wpt-repetitive wpt-repetitive\" data-initial-conditional=\"\" data-item_name=\"recaptcha-recaptcha\"><div class=\"g-recaptcha\" data-sitekey=\"6Lem9yETAAAAAK8xkyRBMcPp8SuoWMMUDCRSpFd3\"><\/div><div class=\"recaptcha_error\" style=\"color:#aa0000;display:none;\">Please validate reCAPTCHA<\/div>\r\n\r\n<input type=\"text\" id=\"cred_form_22_1-textfield-12-1776962777\" name=\"_recaptcha\" value=\"\" style=\"display:none;\" class=\"wpt-form-textfield form-textfield form-control\" data-wpt-type=\"textfield\" data-wpt-id=\"cred_form_22_1_cred_form_22_1-textfield-12-1776962777\" data-wpt-name=\"_recaptcha\" \/>\r\n<\/div>\r\n\r\n<p> * Campos de preenchimento obrigat\u00f3rio \/ * Required fields <\/p>\r\n\r\n\t<input type=\"submit\" id=\"cred_form_22_1-submit-1-1776962777\" name=\"form_submit_1\" value=\"Enviar\" class=\" btn btn-primary wpt-form-submit form-submit\" \/>\r\n\r\n<input type=\"hidden\" id=\"cred_form_22_1-hidden-2-1776962777\" name=\"_cred_cred_prefix_post_id\" value=\"23\" class=\"wpt-form-hidden form-hidden\" data-wpt-id=\"cred_form_22_1_cred_form_22_1-hidden-2-1776962777\" data-wpt-name=\"_cred_cred_prefix_post_id\" \/><input type=\"hidden\" id=\"cred_form_22_1-hidden-3-1776962777\" name=\"_cred_cred_prefix_cred_container_id\" value=\"23\" class=\"wpt-form-hidden form-hidden\" data-wpt-id=\"cred_form_22_1_cred_form_22_1-hidden-3-1776962777\" data-wpt-name=\"_cred_cred_prefix_cred_container_id\" \/><input type=\"hidden\" id=\"cred_form_22_1-hidden-4-1776962777\" name=\"_cred_cred_prefix_form_id\" value=\"22\" class=\"wpt-form-hidden form-hidden\" data-wpt-id=\"cred_form_22_1_cred_form_22_1-hidden-4-1776962777\" data-wpt-name=\"_cred_cred_prefix_form_id\" \/><input type=\"hidden\" id=\"cred_form_22_1-hidden-5-1776962777\" name=\"_cred_cred_prefix_form_count\" value=\"1\" class=\"wpt-form-hidden form-hidden\" data-wpt-id=\"cred_form_22_1_cred_form_22_1-hidden-5-1776962777\" data-wpt-name=\"_cred_cred_prefix_form_count\" \/><\/form>\r\n[\/vc_column_text][\/vc_column][\/vc_row]<\/p>\n<\/div>","protected":false},"excerpt":{"rendered":"<p>[vc_row][vc_column][vc_column_text][\/vc_column_text][\/vc_column][\/vc_row]<\/p>\n","protected":false},"author":1,"featured_media":0,"parent":0,"menu_order":0,"comment_status":"closed","ping_status":"closed","template":"","meta":{"footnotes":""},"class_list":["post-23","page","type-page","status-publish","hentry"],"_links":{"self":[{"href":"http:\/\/www.cbap.com.br\/en\/wp-json\/wp\/v2\/pages\/23","targetHints":{"allow":["GET"]}}],"collection":[{"href":"http:\/\/www.cbap.com.br\/en\/wp-json\/wp\/v2\/pages"}],"about":[{"href":"http:\/\/www.cbap.com.br\/en\/wp-json\/wp\/v2\/types\/page"}],"author":[{"embeddable":true,"href":"http:\/\/www.cbap.com.br\/en\/wp-json\/wp\/v2\/users\/1"}],"replies":[{"embeddable":true,"href":"http:\/\/www.cbap.com.br\/en\/wp-json\/wp\/v2\/comments?post=23"}],"version-history":[{"count":8,"href":"http:\/\/www.cbap.com.br\/en\/wp-json\/wp\/v2\/pages\/23\/revisions"}],"predecessor-version":[{"id":19379,"href":"http:\/\/www.cbap.com.br\/en\/wp-json\/wp\/v2\/pages\/23\/revisions\/19379"}],"wp:attachment":[{"href":"http:\/\/www.cbap.com.br\/en\/wp-json\/wp\/v2\/media?parent=23"}],"curies":[{"name":"wp","href":"https:\/\/api.w.org\/{rel}","templated":true}]}}