{"id":3511,"date":"2017-07-10T15:31:56","date_gmt":"2017-07-10T18:31:56","guid":{"rendered":"http:\/\/www.cbap.com.br\/?page_id=3511"},"modified":"2017-07-10T15:31:56","modified_gmt":"2017-07-10T18:31:56","slug":"esqueci-minha-senha","status":"publish","type":"page","link":"https:\/\/www.cbap.com.br\/en\/esqueci-minha-senha\/","title":{"rendered":"Esqueci minha senha"},"content":{"rendered":"\t\t<form name=\"forgot\" id=\"forgot\" method=\"post\" action=\"\">\n\t\t<input type=\"hidden\" name=\"option\" value=\"afo_forgot_pass\" \/>\n\t\t<div class=\"forgot-pass-form\">\n        \t\t\t\t<div class=\"forgot-pass-form-group\">\n\t\t\t<label for=\"email\">Email <\/label>\n\t\t\t<input type=\"email\" name=\"user_username\" required=\"required\"\/>\n\t\t\t<\/div>\n\t\t\t\n\t\t\t<div class=\"forgot-pass-form-group\"><input name=\"forgot\" type=\"submit\" value=\"Enviar\" \/><\/div>\n\t\t\t\n\t\t\t<div class=\"forgot-pass-form-group\">\n\t\t\t\t<div class=\"forgot-text\">\n\t\t\t\t\tInforme seu email. Um email ser\u00e1 enviado com instru\u00e7\u00f5es para troca da senha.\t\t\t\t<\/div>\n\t\t\t<\/div>\n\t\t\t\n\t\t<\/div>\n\t\t<\/form>\n\t\t\n","protected":false},"excerpt":{"rendered":"Email Informe seu email. Um email ser\u00e1 enviado com instru\u00e7\u00f5es para troca da senha.","protected":false},"author":1,"featured_media":0,"parent":0,"menu_order":0,"comment_status":"closed","ping_status":"closed","template":"","meta":{"footnotes":""},"class_list":["post-3511","page","type-page","status-publish","hentry"],"_links":{"self":[{"href":"https:\/\/www.cbap.com.br\/en\/wp-json\/wp\/v2\/pages\/3511","targetHints":{"allow":["GET"]}}],"collection":[{"href":"https:\/\/www.cbap.com.br\/en\/wp-json\/wp\/v2\/pages"}],"about":[{"href":"https:\/\/www.cbap.com.br\/en\/wp-json\/wp\/v2\/types\/page"}],"author":[{"embeddable":true,"href":"https:\/\/www.cbap.com.br\/en\/wp-json\/wp\/v2\/users\/1"}],"replies":[{"embeddable":true,"href":"https:\/\/www.cbap.com.br\/en\/wp-json\/wp\/v2\/comments?post=3511"}],"version-history":[{"count":2,"href":"https:\/\/www.cbap.com.br\/en\/wp-json\/wp\/v2\/pages\/3511\/revisions"}],"predecessor-version":[{"id":3513,"href":"https:\/\/www.cbap.com.br\/en\/wp-json\/wp\/v2\/pages\/3511\/revisions\/3513"}],"wp:attachment":[{"href":"https:\/\/www.cbap.com.br\/en\/wp-json\/wp\/v2\/media?parent=3511"}],"curies":[{"name":"wp","href":"https:\/\/api.w.org\/{rel}","templated":true}]}}