{"id":89,"date":"2016-03-16T02:07:00","date_gmt":"2016-03-16T02:07:00","guid":{"rendered":"http:\/\/www.cbap.com.br\/?page_id=89"},"modified":"2025-07-18T13:36:28","modified_gmt":"2025-07-18T16:36:28","slug":"regulamento","status":"publish","type":"page","link":"https:\/\/www.cbap.com.br\/es\/regulamento\/","title":{"rendered":"Reglas"},"content":{"rendered":"<div class=\"wpb-content-wrapper\"><p>[vc_row][vc_column][vc_column_text]<strong>REGLAMENTO CBAP 2020<\/strong><\/p>\n<p>CBAP es un concurso gratuito de aquapaisagismo, abierto al p\u00fablico y entusiastas, donde los diversos aspectos t\u00e9cnicos y art\u00edsticos de los acuarios enviados se eval\u00faan a trav\u00e9s de fotos.<br \/>\nLos registros deben realizarse a trav\u00e9s de este canal del <strong>01\/07\/2020 <\/strong>al<strong> 16\/08\/2020<\/strong>.<\/p>\n<p>Para formar parte de esta edici\u00f3n, deber\u00e1 cumplir los siguientes requisitos a continuaci\u00f3n:<\/p>\n<p><strong>1 &#8211; REGISTRO<\/strong><\/p>\n<p>El registro debe hacerse a trav\u00e9s del formulario de registro del sitio web de CBAP.<br \/>\nNo se aceptar\u00e1n solicitudes por correo electr\u00f3nico o cualquier otro medio.<br \/>\nEl registro es gratis.<br \/>\nLas 3 categor\u00edas del estilo plantado est\u00e1n destinadas solo a brasile\u00f1os o extranjeros que residen en Brasil por m\u00e1s de 2 a\u00f1os.<br \/>\nCada participante brasile\u00f1o puede enviar en cada categor\u00eda solo un acuario propio, con un total de tres acuarios por participante registrado, es decir, 1 acuarios en cada categor\u00eda de la divisi\u00f3n plantada.<\/p>\n<p>Los que no son brasile\u00f1os solo pueden ingresar a un acuario en la categor\u00eda Extranjeros, independientemente del volumen del acuario. La participaci\u00f3n en esta categor\u00eda est\u00e1 prohibida para los aquapaisagistas brasile\u00f1os.<\/p>\n<p>La veracidad de toda la informaci\u00f3n provista es esencial y la responsabilidad total de los solicitantes de registro y el incumplimiento de esta determinaci\u00f3n puede resultar en la descalificaci\u00f3n sumaria del participante.<\/p>\n<p>El per\u00edodo de inscripci\u00f3n para la edici\u00f3n 2020 comienza el 7\/1\/2020 y termina el 7\/31\/2020 a las 11:59 pm, hora oficial de Brasilia (GMT-3).<\/p>\n<p>No se aceptar\u00e1n inscripciones enviadas despu\u00e9s de las 23:59 del 16\/16\/2020.<\/p>\n<p><strong>2 &#8211; IM\u00c1GENES &#8211; FOTOS DIGITALES<\/strong><\/p>\n<p>2.1 &#8211; REQUISITOS FOTOGR\u00c1FICOS<\/p>\n<p>El registro debe contener los siguientes requisitos con respecto a las fotos digitales:<\/p>\n<p>Es obligatoria una foto frontal donde es posible ver TODO el acuario.<\/p>\n<p>Las fotos complementarias quedan a discreci\u00f3n del solicitante de registro, y se aceptan hasta dos fotos adicionales.<\/p>\n<p>El tama\u00f1o del archivo digital no puede exceder los 5 MB por foto.<\/p>\n<p>El encuadre adecuado de las fotos y el recorte de objetos externos al acuario para una mejor presentaci\u00f3n a los jueces ser\u00e1 responsabilidad del participante.<\/p>\n<p>Las fotos deben enviarse sin nombre, firma o cualquier marca que identifique al autor o su origen, bajo pena de descalificaci\u00f3n.<\/p>\n<p>Se aceptar\u00e1 la inclusi\u00f3n de un marco negro alrededor del sujeto de la foto para eliminar otros objetos representados.<\/p>\n<p>Las fotos de baja resoluci\u00f3n que dificultan el juicio pueden descalificar autom\u00e1ticamente el acuario ya que la foto es el \u00fanico medio de evaluaci\u00f3n.<\/p>\n<p>Los efectos de los editores de im\u00e1genes est\u00e1n permitidos, siempre que no modifiquen el contenido real de la foto. Los ajustes de enfoque, brillo, saturaci\u00f3n y nivel de color ser\u00e1n tolerados si se usan con moderaci\u00f3n.<\/p>\n<p>La foto que presente cualquier tipo de manipulaci\u00f3n que altere sustancialmente la calidad de la imagen, agregue o elimine cualquier elemento del tema, o que se use para aprovechar o distorsionar la evaluaci\u00f3n de los jueces ser\u00e1 descalificada sumariamente y puede, a discreci\u00f3n de la organizaci\u00f3n, prohibir al autor del montaje indefinidamente o incluso definitivamente.<\/p>\n<p>2.2 \u2013 CONTRAPRUEBAS DE REGISTRO<\/p>\n<p>En caso de dudas para probar sospechas sobre el contenido de las entradas presentadas al Panel de jueces, la Organizaci\u00f3n del Concurso determina que:<\/p>\n<p>La prueba contraria en caso de edici\u00f3n de im\u00e1genes debe hacerse con im\u00e1genes adicionales del acuario enviadas por el participante, que contengan todo el acuario o detalles, que muestren el punto controvertido y que certifiquen la veracidad de las fotos enviadas.<\/p>\n<p>La Organizaci\u00f3n del Concurso se reserva el derecho de aceptar o no la contra prueba y su decisi\u00f3n es irrevocable.<\/p>\n<p>La prueba contraria en caso de propiedad del conjunto debe hacerse con im\u00e1genes o documentos que certifiquen la propiedad o la ejecuci\u00f3n del dise\u00f1o por parte del solicitante de registro.<\/p>\n<p>La Organizaci\u00f3n del Concurso se reserva el derecho de aceptar o no la contra prueba y su decisi\u00f3n es irrevocable.<\/p>\n<p>En caso de que la organizaci\u00f3n del concurso no presente un contador o negativo, el acuario se descalifica inmediatamente y las medidas contra el participante se discutir\u00e1n y aplicar\u00e1n m\u00e1s adelante.<\/p>\n<p><strong>3 &#8211; DATOS DE REGISTRO<\/strong><\/p>\n<p>En cuanto a los datos del acuario;<\/p>\n<p>La informaci\u00f3n contenida en el formulario de registro en l\u00ednea debe completarse con toda o tanta informaci\u00f3n como sea posible sobre el acuario representado en las fotos.<br \/>\nEl llenado inadecuado o la inexactitud de la informaci\u00f3n en el formulario de registro puede descalificar autom\u00e1ticamente al participante.<\/p>\n<p><strong>4 &#8211; DERECHOS DE USO<\/strong><\/p>\n<p>Al enviar el material para el Concurso Brasile\u00f1o de Aquapaisagismo, el participante autorizar\u00e1 autom\u00e1ticamente su uso, ya sea fotos, textos o cualquier otra informaci\u00f3n, por la organizaci\u00f3n de este concurso, sin ninguna restricci\u00f3n de divulgaci\u00f3n, por medios impresos, televisi\u00f3n, medios digitales, otros medios de transmisi\u00f3n de datos o cualquier otra forma que pueda existir, sin ning\u00fan tipo de carga.<\/p>\n<p>&nbsp;<\/p>\n<p><strong>5 &#8211; CATEGOR\u00cdAS<\/strong><\/p>\n<p>En esta edici\u00f3n del concurso tenemos cuatro categor\u00edas:<\/p>\n<p><strong>Plantado hasta 60 litros:<\/strong> acuarios plantados con un volumen bruto de hasta 60 litros ensamblados por acuicultores brasile\u00f1os o extranjeros que residen en Brasil durante m\u00e1s de 2 a\u00f1os.<\/p>\n<p><strong>Plantado de 61 a 200 litros<\/strong>: acuarios plantados con un volumen bruto superior a 60 litros con un l\u00edmite de 200 litros, ensamblados por aquapaisagistas brasile\u00f1os o extranjeros que residen en Brasil durante m\u00e1s de 2 a\u00f1os.<\/p>\n<p><strong>Plantado por encima de 200 litros:<\/strong> acuarios plantados con un volumen bruto superior a 200 litros establecidos por aquapaisagistas brasile\u00f1os o extranjeros que residen en Brasil durante m\u00e1s de 2 a\u00f1os.<\/p>\n<p><strong>Extranjeros:<\/strong> acuarios plantados sin restricciones de volumen y ensamblados por acuicultores extranjeros de cualquier nacionalidad.<\/p>\n<p><strong>6 &#8211; JUICIO Y PREMIOS<\/strong><\/p>\n<p>6.1 &#8211; MODO DE PREMIO<br \/>\nEl juicio de CBAP se lleva a cabo en una sola fase.<br \/>\nEn esta edici\u00f3n, debido a la pandemia de COVID 19, no se llevar\u00e1 a cabo la EBA, Reuni\u00f3n Brasile\u00f1a de Acuaristas.<br \/>\nLa difusi\u00f3n de los resultados estar\u00e1 disponible con la clasificaci\u00f3n general de todos los acuarios registrados dentro de cada categor\u00eda en la edici\u00f3n actual.<\/p>\n<p><strong>En esta edici\u00f3n no habr\u00e1 premios ni trofeos.<\/strong><\/p>\n<p><strong>Solo los tres mejores aquapaisagistas de cada categor\u00eda y el ganador de la categor\u00eda Extranjeros recibir\u00e1n un trofeo virtual que se puede imprimir a cuenta del ganador.<\/strong><\/p>\n<p>6.2 &#8211; COMIT\u00c9 DE JUZGAMIENTO<\/p>\n<p>La divulgaci\u00f3n de la comisi\u00f3n de jueces es responsabilidad de la Organizaci\u00f3n CBAP, que puede decidir divulgarla antes o despu\u00e9s del final del per\u00edodo de registro.<\/p>\n<p>Los jueces tendr\u00e1n una fecha l\u00edmite entre el 17\/08 y el 30\/09 para evaluar todas las obras.<\/p>\n<p>6.3 &#8211; CRITERIOS DE EVALUACI\u00d3N<\/p>\n<p>Se definen los siguientes criterios de evaluaci\u00f3n para las solicitudes presentadas:<\/p>\n<p><strong>A &#8211; CRITERIO ART\u00cdSTICO &#8211; TOTAL 100 PUNTOS<\/strong><\/p>\n<p><strong>Impresi\u00f3n general:<\/strong> apariencia general y primer impacto visual del ensamblaje. Originalidad, originalidad, fuerza est\u00e9tica, representaci\u00f3n de la naturaleza en el dise\u00f1o y presentaci\u00f3n de los elementos del dise\u00f1o, as\u00ed como la fauna, flora, dificultades y dificultades de ejecuci\u00f3n del dise\u00f1o.<br \/>\nCriterio art\u00edstico \/ est\u00e9tico. (1 a 100 puntos).<\/p>\n<p><strong>B- CRITERIOS T\u00c9CNICOS &#8211; TOTAL DE 100 PUNTOS<\/strong><\/p>\n<p><strong>Selecci\u00f3n y posicionamiento de plantas<\/strong>: adecuaci\u00f3n de la flora utilizada en la ejecuci\u00f3n del dise\u00f1o, posicionamiento, arbustos, t\u00e9cnica de poda, contrastes de color \/ sombra \/ luz en la composici\u00f3n, texturas, formas, etc.<\/p>\n<p>Criterio de evaluaci\u00f3n t\u00e9cnica. (1 a 30 puntos).<\/p>\n<p><strong>Selecci\u00f3n y posicionamiento de HardScape:<\/strong> adecuaci\u00f3n del material de HardScape utilizado en la ejecuci\u00f3n del dise\u00f1o. Posicionamiento, armon\u00eda, composici\u00f3n t\u00e9cnica, contrastes, texturas, resistencia de los elementos, limpieza y ambiente natural de las formas.<\/p>\n<p>Criterio de evaluaci\u00f3n t\u00e9cnica. (1 a 30 puntos).<\/p>\n<p><strong>Armon\u00eda entre la fauna y el dise\u00f1o:<\/strong> fauna saludable y de acuerdo con el dise\u00f1o, las dimensiones del acuario y otros materiales utilizados en su mantenimiento.<\/p>\n<p>Criterios de evaluaci\u00f3n t\u00e9cnica. (1 a 25 puntos).<\/p>\n<p><strong>Calidad de la foto:<\/strong> nitidez, enfoque, exposici\u00f3n, contraste, etc.<\/p>\n<p>Criterios de evaluaci\u00f3n t\u00e9cnica. (1 a 15 puntos).<br \/>\n<strong>Cada acuario puede recibir un m\u00e1ximo de 200 puntos.<\/strong><\/p>\n<p>&nbsp;<\/p>\n<p>6.4 &#8211; DIVULGACI\u00d3N DE RESULTADOS<\/p>\n<p>Los resultados se anunciar\u00e1n en el sitio web www.cbap.com.br el 16\/10\/2020.<\/p>\n<p><strong>7 &#8211; CONSIDERACIONES IMPORTANTES<\/strong><\/p>\n<p>Nunca deje de registrarse en la \u00faltima semana, pueden ocurrir problemas t\u00e9cnicos debido a la recepci\u00f3n de un n\u00famero excesivo de registros y la organizaci\u00f3n del concurso no reembolsar\u00e1 al registrante de ninguna manera, si su registro no se realiza.<\/p>\n<p>La organizaci\u00f3n del concurso se reserva el derecho de no proporcionar ning\u00fan otro detalle sobre el juicio de los solicitantes de registro.<\/p>\n<p>Dado que el \u00fanico medio para probar y evaluar visualmente las entradas es a trav\u00e9s de las fotos provistas en el acto de registro del participante, es de sentido com\u00fan que las fotos deben ser de calidad suficiente para la verificaci\u00f3n (ver el \u00edtem # 2).<\/p>\n<p>Las fotos de mala calidad, borrosas y manchadas con rastros de edici\u00f3n electr\u00f3nica excesiva o cualquier otra caracter\u00edstica que impida su evaluaci\u00f3n por parte de los miembros del panel de jueces da\u00f1ar\u00e1n o incluso eliminar\u00e1n el trabajo del concurso. Antes de enviar cualquier informaci\u00f3n, verifique la veracidad del material que se env\u00eda, ya que ser\u00e1 analizado por el jurado del concurso.<\/p>\n<p>La Organizaci\u00f3n del Concurso puede, en cualquier momento, solicitar al solicitante de registro una prueba de propiedad del acuario, como fotos espec\u00edficas, env\u00edo de material por correo, etc. Si no se confirma la propiedad del mismo, o se confirma el uso de las fotos de otras personas, el acuario ser\u00e1 descalificado autom\u00e1ticamente, con su posici\u00f3n ocupada por el siguiente en orden de clasificaci\u00f3n. La insistencia en no respetar las reglas del concurso puede resultar en la descalificaci\u00f3n del participante y de todos sus acuarios registrados.<\/p>\n<p>La cantidad relacionada con el flete y los medios para recibir los premios \/ trofeos \/ cintas son responsabilidad del ganador. Los ganadores podr\u00e1n recoger el premio en persona en la direcci\u00f3n elegida por la Organizaci\u00f3n del Concurso, sin cargo alguno, o deber\u00e1n asumir los costos de env\u00edo.<\/p>\n<p>El registro de trabajos antiguos y \/ o evoluciones de asambleas anteriores puede sufrir una reducci\u00f3n efectiva de puntos en su evaluaci\u00f3n, siendo responsabilidad de cada juez.<\/p>\n<p>Los acuarios ya premiados entre el primer y el d\u00e9cimo lugar de cualquier categor\u00eda, no podr\u00e1n volver a participar en el concurso.<\/p>\n<p><strong>8 &#8211; NOTAS FINALES<\/strong><\/p>\n<p>La Organizaci\u00f3n de la Competencia se reserva el derecho de cambiar las reglas y cualquier disposici\u00f3n de este reglamento en cualquier momento, sin previo aviso.<br \/>\nLas preguntas y sugerencias deben dirigirse al Comit\u00e9 Organizador, utilizando el formulario de contacto.<\/p>\n<p><strong><em>Esperamos que todos puedan recuperarse con salud lo antes posible de esta pandemia y agradecemos a todos por su participaci\u00f3n y especialmente por su colaboraci\u00f3n para comprender los cambios y cambios requeridos en esta edici\u00f3n del concurso.<\/em><\/strong><\/p>\n<p>&nbsp;<\/p>\n<p>Atentamente<\/p>\n<p>Concurso Brasile\u00f1o de Aquapaisagismo<\/p>\n<p>Edici\u00f3n 2020<\/p>\n<div><\/div>\n[\/vc_column_text][\/vc_column][\/vc_row]<\/p>\n<\/div>","protected":false},"excerpt":{"rendered":"<p>[vc_row][vc_column][vc_column_text]REGLAMENTO CBAP 2020 CBAP es un concurso gratuito de aquapaisagismo, abierto al p\u00fablico y entusiastas, donde los diversos aspectos t\u00e9cnicos [&hellip;]<\/p>\n","protected":false},"author":1,"featured_media":0,"parent":0,"menu_order":0,"comment_status":"closed","ping_status":"closed","template":"","meta":{"footnotes":""},"class_list":["post-89","page","type-page","status-publish","hentry"],"_links":{"self":[{"href":"https:\/\/www.cbap.com.br\/es\/wp-json\/wp\/v2\/pages\/89","targetHints":{"allow":["GET"]}}],"collection":[{"href":"https:\/\/www.cbap.com.br\/es\/wp-json\/wp\/v2\/pages"}],"about":[{"href":"https:\/\/www.cbap.com.br\/es\/wp-json\/wp\/v2\/types\/page"}],"author":[{"embeddable":true,"href":"https:\/\/www.cbap.com.br\/es\/wp-json\/wp\/v2\/users\/1"}],"replies":[{"embeddable":true,"href":"https:\/\/www.cbap.com.br\/es\/wp-json\/wp\/v2\/comments?post=89"}],"version-history":[{"count":55,"href":"https:\/\/www.cbap.com.br\/es\/wp-json\/wp\/v2\/pages\/89\/revisions"}],"predecessor-version":[{"id":20042,"href":"https:\/\/www.cbap.com.br\/es\/wp-json\/wp\/v2\/pages\/89\/revisions\/20042"}],"wp:attachment":[{"href":"https:\/\/www.cbap.com.br\/es\/wp-json\/wp\/v2\/media?parent=89"}],"curies":[{"name":"wp","href":"https:\/\/api.w.org\/{rel}","templated":true}]}}