{"id":91,"date":"2016-03-16T02:07:32","date_gmt":"2016-03-16T02:07:32","guid":{"rendered":"http:\/\/www.cbap.com.br\/?page_id=91"},"modified":"2020-07-01T11:11:38","modified_gmt":"2020-07-01T14:11:38","slug":"sobre","status":"publish","type":"page","link":"https:\/\/www.cbap.com.br\/es\/sobre\/","title":{"rendered":"Acerca de"},"content":{"rendered":"<div class=\"wpb-content-wrapper\"><p>[vc_row][vc_column][vc_column_text]<strong>Nuevo CBAP<\/strong><\/p>\n<p>El Concurso Brasile\u00f1o de Aquapaisagismo o CBAP es el concurso de aquapaisagismo m\u00e1s tradicional y m\u00e1s antiguo del Brasil. Tuvo su primera edici\u00f3n en 2004, siendo hoy la competencia de paisajes acu\u00e1ticos m\u00e1s importante de Am\u00e9rica Latina. CBAP fue uno de los pioneros en el mundo, junto con las referencias internacionales IAPL (International Aquatic Plants Layout Contest), organizado en Jap\u00f3n, por Aqua Design Amano, y AGA Contest, organizado por Aquatic Gardeners Association, en los Estados Unidos.<br \/>\nDesde su creaci\u00f3n, nuestro concurso ha crecido con un n\u00famero creciente de entradas y en 2012, conquist\u00f3 su posici\u00f3n en el calendario internacional de concursos de este tipo, recibiendo entradas internacionales en una categor\u00eda exclusiva para extranjeros.<\/p>\n<p>En 2013, la fiesta de entrega de premios CBAP se llam\u00f3 EBA (Brazilian Aquarium Meeting) y comenz\u00f3 a reunir no solo a practicantes de aquapaisagismo plantado, sino tambi\u00e9n a acuaristas de diferentes \u00e1reas entre acuicultura de agua dulce, jumbos, c\u00edclidos y marinos.<\/p>\n<p>Queremos unir a todos los amantes de la naturaleza y fortalecer a\u00fan m\u00e1s nuestro hobby, demostrando que todos tienen espacio y deben ser respetados y publicitados. Esperamos que de esta manera podamos unificar nuestros esfuerzos y caminar juntos en la solidificaci\u00f3n y el desarrollo de la pesca brasile\u00f1a.<br \/>\nContamos con su participaci\u00f3n, difusi\u00f3n y presencia.<\/p>\n<p>Gran abrazo.<\/p>\n<p>Andr\u00e9 Longar\u00e7o[\/vc_column_text][\/vc_column][\/vc_row]<\/p>\n<\/div>","protected":false},"excerpt":{"rendered":"<p>[vc_row][vc_column][vc_column_text]Nuevo CBAP El Concurso Brasile\u00f1o de Aquapaisagismo o CBAP es el concurso de aquapaisagismo m\u00e1s tradicional y m\u00e1s antiguo del [&hellip;]<\/p>\n","protected":false},"author":1,"featured_media":0,"parent":0,"menu_order":0,"comment_status":"closed","ping_status":"closed","template":"","meta":{"footnotes":""},"class_list":["post-91","page","type-page","status-publish","hentry"],"_links":{"self":[{"href":"https:\/\/www.cbap.com.br\/es\/wp-json\/wp\/v2\/pages\/91","targetHints":{"allow":["GET"]}}],"collection":[{"href":"https:\/\/www.cbap.com.br\/es\/wp-json\/wp\/v2\/pages"}],"about":[{"href":"https:\/\/www.cbap.com.br\/es\/wp-json\/wp\/v2\/types\/page"}],"author":[{"embeddable":true,"href":"https:\/\/www.cbap.com.br\/es\/wp-json\/wp\/v2\/users\/1"}],"replies":[{"embeddable":true,"href":"https:\/\/www.cbap.com.br\/es\/wp-json\/wp\/v2\/comments?post=91"}],"version-history":[{"count":15,"href":"https:\/\/www.cbap.com.br\/es\/wp-json\/wp\/v2\/pages\/91\/revisions"}],"predecessor-version":[{"id":13126,"href":"https:\/\/www.cbap.com.br\/es\/wp-json\/wp\/v2\/pages\/91\/revisions\/13126"}],"wp:attachment":[{"href":"https:\/\/www.cbap.com.br\/es\/wp-json\/wp\/v2\/media?parent=91"}],"curies":[{"name":"wp","href":"https:\/\/api.w.org\/{rel}","templated":true}]}}